{"id":226,"date":"2025-12-09T19:40:07","date_gmt":"2025-12-09T19:40:07","guid":{"rendered":"http:\/\/10.233.151.224\/convencaodemercado\/?page_id=226"},"modified":"2026-02-23T14:10:31","modified_gmt":"2026-02-23T14:10:31","slug":"vendedor-destaque","status":"publish","type":"page","link":"https:\/\/convencaodemercado.unimedmg.coop.br\/index.php\/vendedor-destaque\/","title":{"rendered":"Vendedor Destaque"},"content":{"rendered":"\t\t<div data-elementor-type=\"wp-page\" data-elementor-id=\"226\" class=\"elementor elementor-226\" data-elementor-post-type=\"page\">\n\t\t\t\t\t\t<section class=\"elementor-section elementor-top-section elementor-element elementor-element-1e6622ba elementor-section-content-middle elementor-section-boxed elementor-section-height-default elementor-section-height-default\" data-id=\"1e6622ba\" data-element_type=\"section\" data-settings=\"{&quot;background_background&quot;:&quot;classic&quot;}\">\n\t\t\t\t\t\t\t<div class=\"elementor-background-overlay\"><\/div>\n\t\t\t\t\t\t\t<div class=\"elementor-container elementor-column-gap-no\">\n\t\t\t\t\t<div class=\"elementor-column elementor-col-50 elementor-top-column elementor-element elementor-element-76848cdc\" data-id=\"76848cdc\" data-element_type=\"column\">\n\t\t\t<div class=\"elementor-widget-wrap elementor-element-populated\">\n\t\t\t\t\t\t<div class=\"elementor-element elementor-element-2496bde elementor-widget elementor-widget-image\" data-id=\"2496bde\" data-element_type=\"widget\" data-widget_type=\"image.default\">\n\t\t\t\t\t\t\t\t\t\t\t\t\t\t\t\t<a href=\"https:\/\/convencaodemercado.unimedmg.coop.br\">\n\t\t\t\t\t\t\t<img fetchpriority=\"high\" decoding=\"async\" width=\"447\" height=\"170\" src=\"https:\/\/convencaodemercado.unimedmg.coop.br\/wp-content\/uploads\/2025\/12\/logo-cabecalho.png\" class=\"attachment-large size-large wp-image-205\" alt=\"21 Conven\u00e7\u00e3o de Mercado\" srcset=\"https:\/\/convencaodemercado.unimedmg.coop.br\/wp-content\/uploads\/2025\/12\/logo-cabecalho.png 447w, https:\/\/convencaodemercado.unimedmg.coop.br\/wp-content\/uploads\/2025\/12\/logo-cabecalho-300x114.png 300w\" sizes=\"(max-width: 447px) 100vw, 447px\" \/>\t\t\t\t\t\t\t\t<\/a>\n\t\t\t\t\t\t\t\t\t\t\t\t\t\t\t<\/div>\n\t\t\t\t\t<\/div>\n\t\t<\/div>\n\t\t\t\t<div class=\"elementor-column elementor-col-50 elementor-top-column elementor-element elementor-element-12389560\" data-id=\"12389560\" data-element_type=\"column\">\n\t\t\t<div class=\"elementor-widget-wrap elementor-element-populated\">\n\t\t\t\t\t\t<div class=\"elementor-element elementor-element-5d2ef80b elementor-nav-menu__align-center elementor-nav-menu--stretch elementor-nav-menu__text-align-center elementor-nav-menu--dropdown-tablet elementor-nav-menu--toggle elementor-nav-menu--burger elementor-widget elementor-widget-nav-menu\" data-id=\"5d2ef80b\" data-element_type=\"widget\" data-settings=\"{&quot;full_width&quot;:&quot;stretch&quot;,&quot;layout&quot;:&quot;horizontal&quot;,&quot;submenu_icon&quot;:{&quot;value&quot;:&quot;&lt;svg aria-hidden=\\&quot;true\\&quot; class=\\&quot;e-font-icon-svg e-fas-caret-down\\&quot; viewBox=\\&quot;0 0 320 512\\&quot; xmlns=\\&quot;http:\\\/\\\/www.w3.org\\\/2000\\\/svg\\&quot;&gt;&lt;path d=\\&quot;M31.3 192h257.3c17.8 0 26.7 21.5 14.1 34.1L174.1 354.8c-7.8 7.8-20.5 7.8-28.3 0L17.2 226.1C4.6 213.5 13.5 192 31.3 192z\\&quot;&gt;&lt;\\\/path&gt;&lt;\\\/svg&gt;&quot;,&quot;library&quot;:&quot;fa-solid&quot;},&quot;toggle&quot;:&quot;burger&quot;}\" data-widget_type=\"nav-menu.default\">\n\t\t\t\t\t\t\t\t<nav aria-label=\"Menu\" class=\"elementor-nav-menu--main elementor-nav-menu__container elementor-nav-menu--layout-horizontal e--pointer-none\">\n\t\t\t\t<ul id=\"menu-1-5d2ef80b\" class=\"elementor-nav-menu\"><li class=\"menu-item menu-item-type-post_type menu-item-object-page menu-item-399\"><a href=\"https:\/\/convencaodemercado.unimedmg.coop.br\/index.php\/inscricoes\/\" class=\"elementor-item\">Inscri\u00e7\u00f5es<\/a><\/li>\n<li class=\"menu-item menu-item-type-post_type menu-item-object-page menu-item-445\"><a href=\"https:\/\/convencaodemercado.unimedmg.coop.br\/index.php\/hospedagem\/\" class=\"elementor-item\">Hospedagem<\/a><\/li>\n<li class=\"menu-item menu-item-type-post_type menu-item-object-page menu-item-595\"><a href=\"https:\/\/convencaodemercado.unimedmg.coop.br\/index.php\/programacao\/\" class=\"elementor-item\">Programa\u00e7\u00e3o<\/a><\/li>\n<li class=\"menu-item menu-item-type-post_type menu-item-object-page menu-item-472\"><a href=\"https:\/\/convencaodemercado.unimedmg.coop.br\/index.php\/palestrantes\/\" class=\"elementor-item\">Palestrantes<\/a><\/li>\n<li class=\"menu-item menu-item-type-post_type menu-item-object-page menu-item-400\"><a href=\"https:\/\/convencaodemercado.unimedmg.coop.br\/index.php\/experiencias-de-sucesso\/\" class=\"elementor-item\">Experi\u00eancias de Sucesso<\/a><\/li>\n<li class=\"menu-item menu-item-type-post_type menu-item-object-page menu-item-401\"><a href=\"https:\/\/convencaodemercado.unimedmg.coop.br\/index.php\/vendedor-destaque\/\" class=\"elementor-item\">Vendedor Destaque<\/a><\/li>\n<\/ul>\t\t\t<\/nav>\n\t\t\t\t\t<div class=\"elementor-menu-toggle\" role=\"button\" tabindex=\"0\" aria-label=\"Menu Toggle\" aria-expanded=\"false\">\n\t\t\t<svg aria-hidden=\"true\" role=\"presentation\" class=\"elementor-menu-toggle__icon--open e-font-icon-svg e-eicon-menu-bar\" viewBox=\"0 0 1000 1000\" xmlns=\"http:\/\/www.w3.org\/2000\/svg\"><path d=\"M104 333H896C929 333 958 304 958 271S929 208 896 208H104C71 208 42 237 42 271S71 333 104 333ZM104 583H896C929 583 958 554 958 521S929 458 896 458H104C71 458 42 487 42 521S71 583 104 583ZM104 833H896C929 833 958 804 958 771S929 708 896 708H104C71 708 42 737 42 771S71 833 104 833Z\"><\/path><\/svg><svg aria-hidden=\"true\" role=\"presentation\" class=\"elementor-menu-toggle__icon--close e-font-icon-svg e-eicon-close\" viewBox=\"0 0 1000 1000\" xmlns=\"http:\/\/www.w3.org\/2000\/svg\"><path d=\"M742 167L500 408 258 167C246 154 233 150 217 150 196 150 179 158 167 167 154 179 150 196 150 212 150 229 154 242 171 254L408 500 167 742C138 771 138 800 167 829 196 858 225 858 254 829L496 587 738 829C750 842 767 846 783 846 800 846 817 842 829 829 842 817 846 804 846 783 846 767 842 750 829 737L588 500 833 258C863 229 863 200 833 171 804 137 775 137 742 167Z\"><\/path><\/svg>\t\t<\/div>\n\t\t\t\t\t<nav class=\"elementor-nav-menu--dropdown elementor-nav-menu__container\" aria-hidden=\"true\">\n\t\t\t\t<ul id=\"menu-2-5d2ef80b\" class=\"elementor-nav-menu\"><li class=\"menu-item menu-item-type-post_type menu-item-object-page menu-item-399\"><a href=\"https:\/\/convencaodemercado.unimedmg.coop.br\/index.php\/inscricoes\/\" class=\"elementor-item\" tabindex=\"-1\">Inscri\u00e7\u00f5es<\/a><\/li>\n<li class=\"menu-item menu-item-type-post_type menu-item-object-page menu-item-445\"><a href=\"https:\/\/convencaodemercado.unimedmg.coop.br\/index.php\/hospedagem\/\" class=\"elementor-item\" tabindex=\"-1\">Hospedagem<\/a><\/li>\n<li class=\"menu-item menu-item-type-post_type menu-item-object-page menu-item-595\"><a href=\"https:\/\/convencaodemercado.unimedmg.coop.br\/index.php\/programacao\/\" class=\"elementor-item\" tabindex=\"-1\">Programa\u00e7\u00e3o<\/a><\/li>\n<li class=\"menu-item menu-item-type-post_type menu-item-object-page menu-item-472\"><a href=\"https:\/\/convencaodemercado.unimedmg.coop.br\/index.php\/palestrantes\/\" class=\"elementor-item\" tabindex=\"-1\">Palestrantes<\/a><\/li>\n<li class=\"menu-item menu-item-type-post_type menu-item-object-page menu-item-400\"><a href=\"https:\/\/convencaodemercado.unimedmg.coop.br\/index.php\/experiencias-de-sucesso\/\" class=\"elementor-item\" tabindex=\"-1\">Experi\u00eancias de Sucesso<\/a><\/li>\n<li class=\"menu-item menu-item-type-post_type menu-item-object-page menu-item-401\"><a href=\"https:\/\/convencaodemercado.unimedmg.coop.br\/index.php\/vendedor-destaque\/\" class=\"elementor-item\" tabindex=\"-1\">Vendedor Destaque<\/a><\/li>\n<\/ul>\t\t\t<\/nav>\n\t\t\t\t\t\t<\/div>\n\t\t\t\t\t<\/div>\n\t\t<\/div>\n\t\t\t\t\t<\/div>\n\t\t<\/section>\n\t\t\t\t<section class=\"elementor-section elementor-top-section elementor-element elementor-element-96cee32 elementor-section-height-min-height elementor-section-content-middle elementor-section-boxed elementor-section-height-default elementor-section-items-middle\" data-id=\"96cee32\" data-element_type=\"section\" data-settings=\"{&quot;background_background&quot;:&quot;classic&quot;}\">\n\t\t\t\t\t\t\t<div class=\"elementor-background-overlay\"><\/div>\n\t\t\t\t\t\t\t<div class=\"elementor-container elementor-column-gap-no\">\n\t\t\t\t\t<div class=\"elementor-column elementor-col-100 elementor-top-column elementor-element elementor-element-59aac4b5\" data-id=\"59aac4b5\" data-element_type=\"column\" data-settings=\"{&quot;background_background&quot;:&quot;classic&quot;}\">\n\t\t\t<div class=\"elementor-widget-wrap elementor-element-populated\">\n\t\t\t\t\t\t<div class=\"elementor-element elementor-element-7f94f430 elementor-widget elementor-widget-heading\" data-id=\"7f94f430\" data-element_type=\"widget\" data-widget_type=\"heading.default\">\n\t\t\t\t\t<h1 class=\"elementor-heading-title elementor-size-default\">Vendedor Destaque<\/h1>\t\t\t\t<\/div>\n\t\t\t\t\t<\/div>\n\t\t<\/div>\n\t\t\t\t\t<\/div>\n\t\t<\/section>\n\t\t\t\t<section class=\"elementor-section elementor-top-section elementor-element elementor-element-3c8654ad elementor-section-boxed elementor-section-height-default elementor-section-height-default\" data-id=\"3c8654ad\" data-element_type=\"section\">\n\t\t\t\t\t\t<div class=\"elementor-container elementor-column-gap-no\">\n\t\t\t\t\t<div class=\"elementor-column elementor-col-100 elementor-top-column elementor-element elementor-element-f9b63c7\" data-id=\"f9b63c7\" data-element_type=\"column\">\n\t\t\t<div class=\"elementor-widget-wrap elementor-element-populated\">\n\t\t\t\t\t\t<section class=\"elementor-section elementor-inner-section elementor-element elementor-element-5f251507 elementor-section-boxed elementor-section-height-default elementor-section-height-default\" data-id=\"5f251507\" data-element_type=\"section\">\n\t\t\t\t\t\t<div class=\"elementor-container elementor-column-gap-no\">\n\t\t\t\t\t<div class=\"elementor-column elementor-col-50 elementor-inner-column elementor-element elementor-element-49a3525e\" data-id=\"49a3525e\" data-element_type=\"column\">\n\t\t\t<div class=\"elementor-widget-wrap elementor-element-populated\">\n\t\t\t\t\t\t<div class=\"elementor-element elementor-element-6ffe6e65 elementor-widget elementor-widget-elementskit-heading\" data-id=\"6ffe6e65\" data-element_type=\"widget\" data-widget_type=\"elementskit-heading.default\">\n\t\t\t\t\t<div class=\"ekit-wid-con\" ><div class=\"ekit-heading elementskit-section-title-wraper text_left   ekit_heading_tablet-   ekit_heading_mobile-\"><h6 class=\"elementskit-section-subtitle  \">\n\t\t\t\t\t\tTROF\u00c9U VENDEDOR DESTAQUE\n\t\t\t\t\t<\/h6><h3 class=\"ekit-heading--title elementskit-section-title \">A HORA DE HOMENAGEAR OS MAIORES TALENTOS DAS UNIMEDS MINEIRAS<\/h3><\/div><\/div>\t\t\t\t<\/div>\n\t\t\t\t\t<\/div>\n\t\t<\/div>\n\t\t\t\t<div class=\"elementor-column elementor-col-50 elementor-inner-column elementor-element elementor-element-2051b795\" data-id=\"2051b795\" data-element_type=\"column\">\n\t\t\t<div class=\"elementor-widget-wrap elementor-element-populated\">\n\t\t\t\t\t\t<div class=\"elementor-element elementor-element-2c8ca8d8 elementor-widget elementor-widget-text-editor\" data-id=\"2c8ca8d8\" data-element_type=\"widget\" data-widget_type=\"text-editor.default\">\n\t\t\t\t\t\t\t\t\t<p>Todo ano, algumas hist\u00f3rias se destacam pela maneira como um vendedor transforma uma simples negocia\u00e7\u00e3o em uma experi\u00eancia de cuidado, confian\u00e7a e encantamento. O Vendedor Destaque reconhece exatamente isso: profissionais que fizeram a diferen\u00e7a para seus clientes e para o mercado.<\/p>\t\t\t\t\t\t\t\t<\/div>\n\t\t\t\t\t<\/div>\n\t\t<\/div>\n\t\t\t\t\t<\/div>\n\t\t<\/section>\n\t\t\t\t<section class=\"elementor-section elementor-inner-section elementor-element elementor-element-5672e2a6 elementor-section-boxed elementor-section-height-default elementor-section-height-default\" data-id=\"5672e2a6\" data-element_type=\"section\">\n\t\t\t\t\t\t<div class=\"elementor-container elementor-column-gap-no\">\n\t\t\t\t\t<div class=\"elementor-column elementor-col-50 elementor-inner-column elementor-element elementor-element-6e24cec4\" data-id=\"6e24cec4\" data-element_type=\"column\" data-settings=\"{&quot;background_background&quot;:&quot;classic&quot;}\">\n\t\t\t<div class=\"elementor-widget-wrap elementor-element-populated\">\n\t\t\t\t\t\t<div class=\"elementor-element elementor-element-57e52153 elementor-widget elementor-widget-spacer\" data-id=\"57e52153\" data-element_type=\"widget\" data-widget_type=\"spacer.default\">\n\t\t\t\t\t\t\t<div class=\"elementor-spacer\">\n\t\t\t<div class=\"elementor-spacer-inner\"><\/div>\n\t\t<\/div>\n\t\t\t\t\t\t<\/div>\n\t\t\t\t<div class=\"elementor-element elementor-element-1196e79b elementor-widget elementor-widget-spacer\" data-id=\"1196e79b\" data-element_type=\"widget\" data-widget_type=\"spacer.default\">\n\t\t\t\t\t\t\t<div class=\"elementor-spacer\">\n\t\t\t<div class=\"elementor-spacer-inner\"><\/div>\n\t\t<\/div>\n\t\t\t\t\t\t<\/div>\n\t\t\t\t\t<\/div>\n\t\t<\/div>\n\t\t\t\t<div class=\"elementor-column elementor-col-50 elementor-inner-column elementor-element elementor-element-5e25d64d\" data-id=\"5e25d64d\" data-element_type=\"column\">\n\t\t\t<div class=\"elementor-widget-wrap elementor-element-populated\">\n\t\t\t\t\t\t<div class=\"elementor-element elementor-element-4e04c842 elementor-widget elementor-widget-image\" data-id=\"4e04c842\" data-element_type=\"widget\" data-widget_type=\"image.default\">\n\t\t\t\t\t\t\t\t\t\t\t\t\t\t\t<img decoding=\"async\" width=\"800\" height=\"341\" src=\"https:\/\/convencaodemercado.unimedmg.coop.br\/wp-content\/uploads\/2025\/12\/vendedor-1024x437.jpg\" class=\"attachment-large size-large wp-image-341\" alt=\"\" srcset=\"https:\/\/convencaodemercado.unimedmg.coop.br\/wp-content\/uploads\/2025\/12\/vendedor-1024x437.jpg 1024w, https:\/\/convencaodemercado.unimedmg.coop.br\/wp-content\/uploads\/2025\/12\/vendedor-300x128.jpg 300w, https:\/\/convencaodemercado.unimedmg.coop.br\/wp-content\/uploads\/2025\/12\/vendedor-768x328.jpg 768w, https:\/\/convencaodemercado.unimedmg.coop.br\/wp-content\/uploads\/2025\/12\/vendedor-1536x655.jpg 1536w, https:\/\/convencaodemercado.unimedmg.coop.br\/wp-content\/uploads\/2025\/12\/vendedor-600x256.jpg 600w, https:\/\/convencaodemercado.unimedmg.coop.br\/wp-content\/uploads\/2025\/12\/vendedor.jpg 1990w\" sizes=\"(max-width: 800px) 100vw, 800px\" \/>\t\t\t\t\t\t\t\t\t\t\t\t\t\t\t<\/div>\n\t\t\t\t\t<\/div>\n\t\t<\/div>\n\t\t\t\t\t<\/div>\n\t\t<\/section>\n\t\t\t\t<div class=\"elementor-element elementor-element-0553317 elementor-widget elementor-widget-heading\" data-id=\"0553317\" data-element_type=\"widget\" data-widget_type=\"heading.default\">\n\t\t\t\t\t<h4 class=\"elementor-heading-title elementor-size-default\">Indica\u00e7\u00f5es encerradas<\/h4>\t\t\t\t<\/div>\n\t\t\t\t\t<\/div>\n\t\t<\/div>\n\t\t\t\t\t<\/div>\n\t\t<\/section>\n\t\t<div class=\"elementor-element elementor-element-ff1a255 e-flex e-con-boxed e-con e-parent\" data-id=\"ff1a255\" data-element_type=\"container\">\n\t\t\t\t\t<div class=\"e-con-inner\">\n\t\t\t\t<div class=\"elementor-element elementor-element-8a3b0e0 elementor-widget elementor-widget-image\" data-id=\"8a3b0e0\" data-element_type=\"widget\" data-widget_type=\"image.default\">\n\t\t\t\t\t\t\t\t\t\t\t\t\t\t\t<img decoding=\"async\" width=\"800\" height=\"578\" src=\"https:\/\/convencaodemercado.unimedmg.coop.br\/wp-content\/uploads\/2026\/02\/5.jpg\" class=\"attachment-full size-full wp-image-748\" alt=\"\" srcset=\"https:\/\/convencaodemercado.unimedmg.coop.br\/wp-content\/uploads\/2026\/02\/5.jpg 800w, https:\/\/convencaodemercado.unimedmg.coop.br\/wp-content\/uploads\/2026\/02\/5-300x217.jpg 300w, https:\/\/convencaodemercado.unimedmg.coop.br\/wp-content\/uploads\/2026\/02\/5-768x555.jpg 768w, https:\/\/convencaodemercado.unimedmg.coop.br\/wp-content\/uploads\/2026\/02\/5-600x434.jpg 600w\" sizes=\"(max-width: 800px) 100vw, 800px\" \/>\t\t\t\t\t\t\t\t\t\t\t\t\t\t\t<\/div>\n\t\t\t\t\t<\/div>\n\t\t\t\t<\/div>\n\t\t\t\t<\/div>\n\t\t","protected":false},"excerpt":{"rendered":"<p>Vendedor Destaque TROF\u00c9U VENDEDOR DESTAQUE A HORA DE HOMENAGEAR OS MAIORES TALENTOS DAS UNIMEDS MINEIRAS Todo ano, algumas hist\u00f3rias se destacam pela maneira como um vendedor transforma uma simples negocia\u00e7\u00e3o em uma experi\u00eancia de cuidado, confian\u00e7a e encantamento. O Vendedor Destaque reconhece exatamente isso: profissionais que fizeram a diferen\u00e7a para seus clientes e para o [&hellip;]<\/p>\n","protected":false},"author":1,"featured_media":0,"parent":0,"menu_order":0,"comment_status":"closed","ping_status":"closed","template":"","meta":{"footnotes":""},"class_list":["post-226","page","type-page","status-publish","hentry"],"_links":{"self":[{"href":"https:\/\/convencaodemercado.unimedmg.coop.br\/index.php\/wp-json\/wp\/v2\/pages\/226","targetHints":{"allow":["GET"]}}],"collection":[{"href":"https:\/\/convencaodemercado.unimedmg.coop.br\/index.php\/wp-json\/wp\/v2\/pages"}],"about":[{"href":"https:\/\/convencaodemercado.unimedmg.coop.br\/index.php\/wp-json\/wp\/v2\/types\/page"}],"author":[{"embeddable":true,"href":"https:\/\/convencaodemercado.unimedmg.coop.br\/index.php\/wp-json\/wp\/v2\/users\/1"}],"replies":[{"embeddable":true,"href":"https:\/\/convencaodemercado.unimedmg.coop.br\/index.php\/wp-json\/wp\/v2\/comments?post=226"}],"version-history":[{"count":61,"href":"https:\/\/convencaodemercado.unimedmg.coop.br\/index.php\/wp-json\/wp\/v2\/pages\/226\/revisions"}],"predecessor-version":[{"id":769,"href":"https:\/\/convencaodemercado.unimedmg.coop.br\/index.php\/wp-json\/wp\/v2\/pages\/226\/revisions\/769"}],"wp:attachment":[{"href":"https:\/\/convencaodemercado.unimedmg.coop.br\/index.php\/wp-json\/wp\/v2\/media?parent=226"}],"curies":[{"name":"wp","href":"https:\/\/api.w.org\/{rel}","templated":true}]}}